{"id":1379,"date":"2018-04-09T03:08:14","date_gmt":"2018-04-09T03:08:14","guid":{"rendered":"http:\/\/sw-themes.com\/porto_dummy\/product\/import-placeholder-for-842\/"},"modified":"2020-07-15T11:31:20","modified_gmt":"2020-07-15T11:31:20","slug":"headphone-black-2","status":"publish","type":"product","link":"https:\/\/www.discosgodotis.com\/magazine\/product\/headphone-black-2\/","title":{"rendered":"Single OCTOPUS \u00abThe river thief\u00bb espa\u00f1ol"},"content":{"rendered":"<p>Rar\u00edsimo y nuevo de 1970 edicci\u00f3n espa\u00f1ola.<\/p>\n","protected":false},"excerpt":{"rendered":"<p>Rar\u00edsimo y nuevo de 1970 edicci\u00f3n espa\u00f1ola.<\/p>\n","protected":false},"featured_media":2619,"template":"","meta":{"_uag_custom_page_level_css":""},"product_brand":[],"product_cat":[108,38,41],"product_tag":[110,111,109],"class_list":{"0":"post-1379","1":"product","2":"type-product","3":"status-publish","4":"has-post-thumbnail","6":"product_cat-discos-de-coleccion","7":"product_cat-vinilos","8":"product_cat-vinilos-singles","9":"product_tag-espanol","10":"product_tag-octopus","11":"product_tag-single","13":"first","14":"instock","15":"featured","16":"downloadable","17":"purchasable","18":"product-type-simple"},"uagb_featured_image_src":{"full":["https:\/\/www.discosgodotis.com\/magazine\/wp-content\/uploads\/2018\/04\/octopus-the-river-thief.jpg",124,124,false],"thumbnail":["https:\/\/www.discosgodotis.com\/magazine\/wp-content\/uploads\/2018\/04\/octopus-the-river-thief.jpg",124,124,false],"medium":["https:\/\/www.discosgodotis.com\/magazine\/wp-content\/uploads\/2018\/04\/octopus-the-river-thief.jpg",124,124,false],"medium_large":["https:\/\/www.discosgodotis.com\/magazine\/wp-content\/uploads\/2018\/04\/octopus-the-river-thief.jpg",124,124,false],"large":["https:\/\/www.discosgodotis.com\/magazine\/wp-content\/uploads\/2018\/04\/octopus-the-river-thief.jpg",124,124,false],"1536x1536":["https:\/\/www.discosgodotis.com\/magazine\/wp-content\/uploads\/2018\/04\/octopus-the-river-thief.jpg",124,124,false],"2048x2048":["https:\/\/www.discosgodotis.com\/magazine\/wp-content\/uploads\/2018\/04\/octopus-the-river-thief.jpg",124,124,false],"blog-large":["https:\/\/www.discosgodotis.com\/magazine\/wp-content\/uploads\/2018\/04\/octopus-the-river-thief.jpg",124,124,false],"blog-medium":["https:\/\/www.discosgodotis.com\/magazine\/wp-content\/uploads\/2018\/04\/octopus-the-river-thief.jpg",124,124,false],"blog-masonry":["https:\/\/www.discosgodotis.com\/magazine\/wp-content\/uploads\/2018\/04\/octopus-the-river-thief.jpg",124,124,false],"blog-masonry-small":["https:\/\/www.discosgodotis.com\/magazine\/wp-content\/uploads\/2018\/04\/octopus-the-river-thief.jpg",124,124,false],"blog-grid":["https:\/\/www.discosgodotis.com\/magazine\/wp-content\/uploads\/2018\/04\/octopus-the-river-thief.jpg",124,124,false],"blog-grid-small":["https:\/\/www.discosgodotis.com\/magazine\/wp-content\/uploads\/2018\/04\/octopus-the-river-thief.jpg",124,124,false],"related-post":["https:\/\/www.discosgodotis.com\/magazine\/wp-content\/uploads\/2018\/04\/octopus-the-river-thief.jpg",124,124,false],"member-two":["https:\/\/www.discosgodotis.com\/magazine\/wp-content\/uploads\/2018\/04\/octopus-the-river-thief.jpg",124,124,false],"member":["https:\/\/www.discosgodotis.com\/magazine\/wp-content\/uploads\/2018\/04\/octopus-the-river-thief.jpg",124,124,false],"widget-thumb-medium":["https:\/\/www.discosgodotis.com\/magazine\/wp-content\/uploads\/2018\/04\/octopus-the-river-thief-85x85.jpg",85,85,true],"woocommerce_thumbnail":["https:\/\/www.discosgodotis.com\/magazine\/wp-content\/uploads\/2018\/04\/octopus-the-river-thief.jpg",124,124,false],"woocommerce_single":["https:\/\/www.discosgodotis.com\/magazine\/wp-content\/uploads\/2018\/04\/octopus-the-river-thief.jpg",124,124,false],"woocommerce_gallery_thumbnail":["https:\/\/www.discosgodotis.com\/magazine\/wp-content\/uploads\/2018\/04\/octopus-the-river-thief.jpg",124,124,false],"swatches_image_size":["https:\/\/www.discosgodotis.com\/magazine\/wp-content\/uploads\/2018\/04\/octopus-the-river-thief-32x32.jpg",32,32,true]},"uagb_author_info":{"display_name":"promocionalia","author_link":"https:\/\/www.discosgodotis.com\/magazine\/author\/"},"uagb_comment_info":0,"uagb_excerpt":"Rar\u00edsimo y nuevo de 1970 edicci\u00f3n espa\u00f1ola.","_links":{"self":[{"href":"https:\/\/www.discosgodotis.com\/magazine\/wp-json\/wp\/v2\/product\/1379","targetHints":{"allow":["GET"]}}],"collection":[{"href":"https:\/\/www.discosgodotis.com\/magazine\/wp-json\/wp\/v2\/product"}],"about":[{"href":"https:\/\/www.discosgodotis.com\/magazine\/wp-json\/wp\/v2\/types\/product"}],"wp:featuredmedia":[{"embeddable":true,"href":"https:\/\/www.discosgodotis.com\/magazine\/wp-json\/wp\/v2\/media\/2619"}],"wp:attachment":[{"href":"https:\/\/www.discosgodotis.com\/magazine\/wp-json\/wp\/v2\/media?parent=1379"}],"wp:term":[{"taxonomy":"product_brand","embeddable":true,"href":"https:\/\/www.discosgodotis.com\/magazine\/wp-json\/wp\/v2\/product_brand?post=1379"},{"taxonomy":"product_cat","embeddable":true,"href":"https:\/\/www.discosgodotis.com\/magazine\/wp-json\/wp\/v2\/product_cat?post=1379"},{"taxonomy":"product_tag","embeddable":true,"href":"https:\/\/www.discosgodotis.com\/magazine\/wp-json\/wp\/v2\/product_tag?post=1379"}],"curies":[{"name":"wp","href":"https:\/\/api.w.org\/{rel}","templated":true}]}}